{"id":24,"date":"2022-07-22T12:04:47","date_gmt":"2022-07-22T12:04:47","guid":{"rendered":"https:\/\/ramonawidmer.ch\/?page_id=24"},"modified":"2022-10-07T10:23:33","modified_gmt":"2022-10-07T10:23:33","slug":"ueber-mich","status":"publish","type":"page","link":"https:\/\/ramonawidmer.ch\/?page_id=24","title":{"rendered":"\u00dcber mich"},"content":{"rendered":"<p style=\"font-weight: 400;\"><img data-recalc-dims=\"1\" loading=\"lazy\" decoding=\"async\" class=\"size-medium wp-image-140 alignright\" src=\"https:\/\/i0.wp.com\/ramonawidmer.ch\/wp-content\/uploads\/2022\/09\/DSC_6898-Kopie.jpg?resize=214%2C300&#038;ssl=1\" alt=\"\" width=\"214\" height=\"300\" srcset=\"https:\/\/i0.wp.com\/ramonawidmer.ch\/wp-content\/uploads\/2022\/09\/DSC_6898-Kopie-scaled.jpg?resize=214%2C300&amp;ssl=1 214w, https:\/\/i0.wp.com\/ramonawidmer.ch\/wp-content\/uploads\/2022\/09\/DSC_6898-Kopie-scaled.jpg?resize=731%2C1024&amp;ssl=1 731w, https:\/\/i0.wp.com\/ramonawidmer.ch\/wp-content\/uploads\/2022\/09\/DSC_6898-Kopie-scaled.jpg?resize=768%2C1075&amp;ssl=1 768w, https:\/\/i0.wp.com\/ramonawidmer.ch\/wp-content\/uploads\/2022\/09\/DSC_6898-Kopie-scaled.jpg?resize=1097%2C1536&amp;ssl=1 1097w, https:\/\/i0.wp.com\/ramonawidmer.ch\/wp-content\/uploads\/2022\/09\/DSC_6898-Kopie-scaled.jpg?resize=1463%2C2048&amp;ssl=1 1463w, https:\/\/i0.wp.com\/ramonawidmer.ch\/wp-content\/uploads\/2022\/09\/DSC_6898-Kopie-scaled.jpg?resize=1568%2C2195&amp;ssl=1 1568w, https:\/\/i0.wp.com\/ramonawidmer.ch\/wp-content\/uploads\/2022\/09\/DSC_6898-Kopie-scaled.jpg?w=1828&amp;ssl=1 1828w\" sizes=\"auto, (max-width: 214px) 100vw, 214px\" \/>Mein Name ist Ramona Widmer. Schon seit ich denken kann, habe ich mich um kleinere Kinder gek\u00fcmmert, auf sie aufgepasst, ihnen Geschichten erz\u00e4hlt und mit ihnen gespielt und gesungen. Kinder faszinieren mich besonders, weil sie so sorgenfrei, begeisterungsf\u00e4hig und gnadenlos ehrlich sind. Schon als Schulkind stand in den Freundschaftsb\u00fcchern beim Berufswunsch: Kinderg\u00e4rtnerin. Diesen Wunsch habe ich dann gezielt verfolgt und schloss im Sommer 2004 die Ausbildung zur Kinderg\u00e4rtnerin ab.<\/p>\n<p style=\"font-weight: 400;\">Die ersten 5 Berufsjahre widmete ich mich dem bunten Treiben im Kindergarten. Die strengen aber motivierenden Anfangsjahre erf\u00fcllten mich und meinen Alltag mit grosser Freude. Schon bald wollte ich mich jedoch weiterbilden und mein Berufsfeld in der Bildung von Kindern erweitern. So absolvierte ich das Studium zur Primarlehrperson an der P\u00e4dagogischen Hochschule Z\u00fcrich. Anschliessend \u00fcbernahm ich in unterschiedlichen Gemeinden die Verantwortung als Klassenlehrperson auf der Unterstufe. Das Schulsystem kam mir aber mehr und mehr wie ein einengendes und unflexibles Gebilde vor, wo Kinder immer wieder den Anforderungen des Systems nicht gen\u00fcgen. Dies beelendete mich zunehmend, bis ich eine \u00abPause\u00bb vom System f\u00fcr mich beanspruchte und eine dreimonatige Intensiv-Weiterbildung besuchte. Ich hatte viel Zeit um \u00fcber mich, meine Werte und Vorstellungen von p\u00e4dagogischem Tun und der Arbeit mit Kindern nachzudenken. Dabei wurde mir klar, dass unsere Gesellschaft sich ver\u00e4ndert hat, die Schule aber diesen Ver\u00e4nderungen nur bed\u00e4chtig folgen kann.<\/p>\n<p style=\"font-weight: 400;\">Um Kinder und ihre Eltern (oder Erziehungsverantwortlichen) mit verschiedensten Voraussetzungen zu integrieren, braucht es einen Fokus auf die fr\u00fchen Kindheitsjahre und Angebote, die fr\u00fche Bildung etablieren. Ich entschloss mich zum Master-Studium \u00abFr\u00fchen Kindheit\u00bb an der P\u00e4dagogischen Hochschule Thurgau (in Kooperation mit der Universit\u00e4t Konstanz), um mein Wissen zu erweitern und Zusammenh\u00e4nge besser zu verstehen. Das Studium war f\u00fcr mich der Schl\u00fcssel zu vielen Verhaltensmustern, die mir Kinder in meiner Berufslaufbahn entgegengebracht haben. Ich habe mich mit Qualit\u00e4t von Beziehungen zwischen Kind und Fachperson und Lernprozessen im Klassenzimmer auseinandergesetzt. Gerne gebe ich meine Erkenntnisse und das erworbene Wissen an Bildungs- und Betreuungspersonen weiter.<\/p>\n","protected":false},"excerpt":{"rendered":"<p>Mein Name ist Ramona Widmer. Schon seit ich denken kann, habe ich mich um kleinere Kinder gek\u00fcmmert, auf sie aufgepasst, ihnen Geschichten erz\u00e4hlt und mit ihnen gespielt und gesungen. Kinder faszinieren mich besonders, weil sie so sorgenfrei, begeisterungsf\u00e4hig und gnadenlos ehrlich sind. Schon als Schulkind stand in den Freundschaftsb\u00fcchern beim Berufswunsch: Kinderg\u00e4rtnerin. Diesen Wunsch habe&hellip; <a class=\"more-link\" href=\"https:\/\/ramonawidmer.ch\/?page_id=24\"><span class=\"screen-reader-text\">\u00dcber mich<\/span> weiterlesen<\/a><\/p>\n","protected":false},"author":1,"featured_media":0,"parent":0,"menu_order":0,"comment_status":"closed","ping_status":"closed","template":"","meta":{"footnotes":""},"class_list":["post-24","page","type-page","status-publish","hentry","entry"],"yoast_head":"<!-- This site is optimized with the Yoast SEO plugin v27.4 - https:\/\/yoast.com\/product\/yoast-seo-wordpress\/ -->\n<title>\u00dcber mich - Workshops f\u00fcr Bildungs- und Betreuungspersonen<\/title>\n<meta name=\"robots\" content=\"index, follow, max-snippet:-1, max-image-preview:large, max-video-preview:-1\" \/>\n<link rel=\"canonical\" href=\"https:\/\/ramonawidmer.ch\/?page_id=24\" \/>\n<meta property=\"og:locale\" content=\"de_DE\" \/>\n<meta property=\"og:type\" content=\"article\" \/>\n<meta property=\"og:title\" content=\"\u00dcber mich - Workshops f\u00fcr Bildungs- und Betreuungspersonen\" \/>\n<meta property=\"og:description\" content=\"Mein Name ist Ramona Widmer. Schon seit ich denken kann, habe ich mich um kleinere Kinder gek\u00fcmmert, auf sie aufgepasst, ihnen Geschichten erz\u00e4hlt und mit ihnen gespielt und gesungen. Kinder faszinieren mich besonders, weil sie so sorgenfrei, begeisterungsf\u00e4hig und gnadenlos ehrlich sind. Schon als Schulkind stand in den Freundschaftsb\u00fcchern beim Berufswunsch: Kinderg\u00e4rtnerin. Diesen Wunsch habe&hellip; \u00dcber mich weiterlesen\" \/>\n<meta property=\"og:url\" content=\"https:\/\/ramonawidmer.ch\/?page_id=24\" \/>\n<meta property=\"og:site_name\" content=\"Workshops f\u00fcr Bildungs- und Betreuungspersonen\" \/>\n<meta property=\"article:modified_time\" content=\"2022-10-07T10:23:33+00:00\" \/>\n<meta property=\"og:image\" content=\"https:\/\/ramonawidmer.ch\/wp-content\/uploads\/2022\/09\/DSC_6898-Kopie-214x300.jpg\" \/>\n<meta name=\"twitter:card\" content=\"summary_large_image\" \/>\n<meta name=\"twitter:label1\" content=\"Gesch\u00e4tzte Lesezeit\" \/>\n\t<meta name=\"twitter:data1\" content=\"2\u00a0Minuten\" \/>\n<script type=\"application\/ld+json\" class=\"yoast-schema-graph\">{\"@context\":\"https:\\\/\\\/schema.org\",\"@graph\":[{\"@type\":\"WebPage\",\"@id\":\"https:\\\/\\\/ramonawidmer.ch\\\/?page_id=24\",\"url\":\"https:\\\/\\\/ramonawidmer.ch\\\/?page_id=24\",\"name\":\"\u00dcber mich - Workshops f\u00fcr Bildungs- und Betreuungspersonen\",\"isPartOf\":{\"@id\":\"https:\\\/\\\/ramonawidmer.ch\\\/#website\"},\"primaryImageOfPage\":{\"@id\":\"https:\\\/\\\/ramonawidmer.ch\\\/?page_id=24#primaryimage\"},\"image\":{\"@id\":\"https:\\\/\\\/ramonawidmer.ch\\\/?page_id=24#primaryimage\"},\"thumbnailUrl\":\"https:\\\/\\\/ramonawidmer.ch\\\/wp-content\\\/uploads\\\/2022\\\/09\\\/DSC_6898-Kopie-214x300.jpg\",\"datePublished\":\"2022-07-22T12:04:47+00:00\",\"dateModified\":\"2022-10-07T10:23:33+00:00\",\"breadcrumb\":{\"@id\":\"https:\\\/\\\/ramonawidmer.ch\\\/?page_id=24#breadcrumb\"},\"inLanguage\":\"de\",\"potentialAction\":[{\"@type\":\"ReadAction\",\"target\":[\"https:\\\/\\\/ramonawidmer.ch\\\/?page_id=24\"]}]},{\"@type\":\"ImageObject\",\"inLanguage\":\"de\",\"@id\":\"https:\\\/\\\/ramonawidmer.ch\\\/?page_id=24#primaryimage\",\"url\":\"https:\\\/\\\/i0.wp.com\\\/ramonawidmer.ch\\\/wp-content\\\/uploads\\\/2022\\\/09\\\/DSC_6898-Kopie-scaled.jpg?fit=1828%2C2560&ssl=1\",\"contentUrl\":\"https:\\\/\\\/i0.wp.com\\\/ramonawidmer.ch\\\/wp-content\\\/uploads\\\/2022\\\/09\\\/DSC_6898-Kopie-scaled.jpg?fit=1828%2C2560&ssl=1\",\"width\":1828,\"height\":2560},{\"@type\":\"BreadcrumbList\",\"@id\":\"https:\\\/\\\/ramonawidmer.ch\\\/?page_id=24#breadcrumb\",\"itemListElement\":[{\"@type\":\"ListItem\",\"position\":1,\"name\":\"Startseite\",\"item\":\"https:\\\/\\\/ramonawidmer.ch\\\/\"},{\"@type\":\"ListItem\",\"position\":2,\"name\":\"\u00dcber mich\"}]},{\"@type\":\"WebSite\",\"@id\":\"https:\\\/\\\/ramonawidmer.ch\\\/#website\",\"url\":\"https:\\\/\\\/ramonawidmer.ch\\\/\",\"name\":\"Workshops f\u00fcr Bildungs- und Betreuungspersonen\",\"description\":\"Kinder begleiten, verstehen und f\u00f6rdern\",\"publisher\":{\"@id\":\"https:\\\/\\\/ramonawidmer.ch\\\/#organization\"},\"potentialAction\":[{\"@type\":\"SearchAction\",\"target\":{\"@type\":\"EntryPoint\",\"urlTemplate\":\"https:\\\/\\\/ramonawidmer.ch\\\/?s={search_term_string}\"},\"query-input\":{\"@type\":\"PropertyValueSpecification\",\"valueRequired\":true,\"valueName\":\"search_term_string\"}}],\"inLanguage\":\"de\"},{\"@type\":\"Organization\",\"@id\":\"https:\\\/\\\/ramonawidmer.ch\\\/#organization\",\"name\":\"Workshops f\u00fcr Bildungs- und Betreuungspersonen\",\"url\":\"https:\\\/\\\/ramonawidmer.ch\\\/\",\"logo\":{\"@type\":\"ImageObject\",\"inLanguage\":\"de\",\"@id\":\"https:\\\/\\\/ramonawidmer.ch\\\/#\\\/schema\\\/logo\\\/image\\\/\",\"url\":\"https:\\\/\\\/i0.wp.com\\\/ramonawidmer.ch\\\/wp-content\\\/uploads\\\/2022\\\/09\\\/cropped-Logo-scaled-e1664038101562.jpeg?fit=220%2C193&ssl=1\",\"contentUrl\":\"https:\\\/\\\/i0.wp.com\\\/ramonawidmer.ch\\\/wp-content\\\/uploads\\\/2022\\\/09\\\/cropped-Logo-scaled-e1664038101562.jpeg?fit=220%2C193&ssl=1\",\"width\":220,\"height\":193,\"caption\":\"Workshops f\u00fcr Bildungs- und Betreuungspersonen\"},\"image\":{\"@id\":\"https:\\\/\\\/ramonawidmer.ch\\\/#\\\/schema\\\/logo\\\/image\\\/\"}}]}<\/script>\n<!-- \/ Yoast SEO plugin. -->","yoast_head_json":{"title":"\u00dcber mich - Workshops f\u00fcr Bildungs- und Betreuungspersonen","robots":{"index":"index","follow":"follow","max-snippet":"max-snippet:-1","max-image-preview":"max-image-preview:large","max-video-preview":"max-video-preview:-1"},"canonical":"https:\/\/ramonawidmer.ch\/?page_id=24","og_locale":"de_DE","og_type":"article","og_title":"\u00dcber mich - Workshops f\u00fcr Bildungs- und Betreuungspersonen","og_description":"Mein Name ist Ramona Widmer. Schon seit ich denken kann, habe ich mich um kleinere Kinder gek\u00fcmmert, auf sie aufgepasst, ihnen Geschichten erz\u00e4hlt und mit ihnen gespielt und gesungen. Kinder faszinieren mich besonders, weil sie so sorgenfrei, begeisterungsf\u00e4hig und gnadenlos ehrlich sind. Schon als Schulkind stand in den Freundschaftsb\u00fcchern beim Berufswunsch: Kinderg\u00e4rtnerin. Diesen Wunsch habe&hellip; \u00dcber mich weiterlesen","og_url":"https:\/\/ramonawidmer.ch\/?page_id=24","og_site_name":"Workshops f\u00fcr Bildungs- und Betreuungspersonen","article_modified_time":"2022-10-07T10:23:33+00:00","og_image":[{"url":"https:\/\/ramonawidmer.ch\/wp-content\/uploads\/2022\/09\/DSC_6898-Kopie-214x300.jpg","type":"","width":"","height":""}],"twitter_card":"summary_large_image","twitter_misc":{"Gesch\u00e4tzte Lesezeit":"2\u00a0Minuten"},"schema":{"@context":"https:\/\/schema.org","@graph":[{"@type":"WebPage","@id":"https:\/\/ramonawidmer.ch\/?page_id=24","url":"https:\/\/ramonawidmer.ch\/?page_id=24","name":"\u00dcber mich - Workshops f\u00fcr Bildungs- und Betreuungspersonen","isPartOf":{"@id":"https:\/\/ramonawidmer.ch\/#website"},"primaryImageOfPage":{"@id":"https:\/\/ramonawidmer.ch\/?page_id=24#primaryimage"},"image":{"@id":"https:\/\/ramonawidmer.ch\/?page_id=24#primaryimage"},"thumbnailUrl":"https:\/\/ramonawidmer.ch\/wp-content\/uploads\/2022\/09\/DSC_6898-Kopie-214x300.jpg","datePublished":"2022-07-22T12:04:47+00:00","dateModified":"2022-10-07T10:23:33+00:00","breadcrumb":{"@id":"https:\/\/ramonawidmer.ch\/?page_id=24#breadcrumb"},"inLanguage":"de","potentialAction":[{"@type":"ReadAction","target":["https:\/\/ramonawidmer.ch\/?page_id=24"]}]},{"@type":"ImageObject","inLanguage":"de","@id":"https:\/\/ramonawidmer.ch\/?page_id=24#primaryimage","url":"https:\/\/i0.wp.com\/ramonawidmer.ch\/wp-content\/uploads\/2022\/09\/DSC_6898-Kopie-scaled.jpg?fit=1828%2C2560&ssl=1","contentUrl":"https:\/\/i0.wp.com\/ramonawidmer.ch\/wp-content\/uploads\/2022\/09\/DSC_6898-Kopie-scaled.jpg?fit=1828%2C2560&ssl=1","width":1828,"height":2560},{"@type":"BreadcrumbList","@id":"https:\/\/ramonawidmer.ch\/?page_id=24#breadcrumb","itemListElement":[{"@type":"ListItem","position":1,"name":"Startseite","item":"https:\/\/ramonawidmer.ch\/"},{"@type":"ListItem","position":2,"name":"\u00dcber mich"}]},{"@type":"WebSite","@id":"https:\/\/ramonawidmer.ch\/#website","url":"https:\/\/ramonawidmer.ch\/","name":"Workshops f\u00fcr Bildungs- und Betreuungspersonen","description":"Kinder begleiten, verstehen und f\u00f6rdern","publisher":{"@id":"https:\/\/ramonawidmer.ch\/#organization"},"potentialAction":[{"@type":"SearchAction","target":{"@type":"EntryPoint","urlTemplate":"https:\/\/ramonawidmer.ch\/?s={search_term_string}"},"query-input":{"@type":"PropertyValueSpecification","valueRequired":true,"valueName":"search_term_string"}}],"inLanguage":"de"},{"@type":"Organization","@id":"https:\/\/ramonawidmer.ch\/#organization","name":"Workshops f\u00fcr Bildungs- und Betreuungspersonen","url":"https:\/\/ramonawidmer.ch\/","logo":{"@type":"ImageObject","inLanguage":"de","@id":"https:\/\/ramonawidmer.ch\/#\/schema\/logo\/image\/","url":"https:\/\/i0.wp.com\/ramonawidmer.ch\/wp-content\/uploads\/2022\/09\/cropped-Logo-scaled-e1664038101562.jpeg?fit=220%2C193&ssl=1","contentUrl":"https:\/\/i0.wp.com\/ramonawidmer.ch\/wp-content\/uploads\/2022\/09\/cropped-Logo-scaled-e1664038101562.jpeg?fit=220%2C193&ssl=1","width":220,"height":193,"caption":"Workshops f\u00fcr Bildungs- und Betreuungspersonen"},"image":{"@id":"https:\/\/ramonawidmer.ch\/#\/schema\/logo\/image\/"}}]}},"jetpack_sharing_enabled":true,"_links":{"self":[{"href":"https:\/\/ramonawidmer.ch\/index.php?rest_route=\/wp\/v2\/pages\/24","targetHints":{"allow":["GET"]}}],"collection":[{"href":"https:\/\/ramonawidmer.ch\/index.php?rest_route=\/wp\/v2\/pages"}],"about":[{"href":"https:\/\/ramonawidmer.ch\/index.php?rest_route=\/wp\/v2\/types\/page"}],"author":[{"embeddable":true,"href":"https:\/\/ramonawidmer.ch\/index.php?rest_route=\/wp\/v2\/users\/1"}],"replies":[{"embeddable":true,"href":"https:\/\/ramonawidmer.ch\/index.php?rest_route=%2Fwp%2Fv2%2Fcomments&post=24"}],"version-history":[{"count":14,"href":"https:\/\/ramonawidmer.ch\/index.php?rest_route=\/wp\/v2\/pages\/24\/revisions"}],"predecessor-version":[{"id":263,"href":"https:\/\/ramonawidmer.ch\/index.php?rest_route=\/wp\/v2\/pages\/24\/revisions\/263"}],"wp:attachment":[{"href":"https:\/\/ramonawidmer.ch\/index.php?rest_route=%2Fwp%2Fv2%2Fmedia&parent=24"}],"curies":[{"name":"wp","href":"https:\/\/api.w.org\/{rel}","templated":true}]}}