{"id":60,"date":"2022-08-05T18:14:29","date_gmt":"2022-08-05T18:14:29","guid":{"rendered":"https:\/\/ramonawidmer.ch\/?page_id=60"},"modified":"2022-09-22T13:54:02","modified_gmt":"2022-09-22T13:54:02","slug":"ausbildung-weiterbildung-spezialisierung-berufserfahrung","status":"publish","type":"page","link":"https:\/\/ramonawidmer.ch\/?page_id=60","title":{"rendered":"Ausbildung, Weiterbildung\/Spezialisierung &#038; Berufserfahrung"},"content":{"rendered":"<p><strong>Ausbildungen<\/strong><\/p>\n<ul>\n<li><em>Master of Arts in \u201cEarly Childhood\u201d<\/em>, 2021, l\u00e4nder\u00fcbergreifender Studiengang P\u00e4dagogische Hochschule Thurgau \/ Universit\u00e4t Konstanz<\/li>\n<li><em>Bachelor of Arts in \u201cPrimary Education\u201d,<\/em> 2009, P\u00e4dagogische Hochschule Z\u00fcrich<\/li>\n<li><em>Bachelor of Arts in \u201cPre-Primary Education\u201d,<\/em> 2004, P\u00e4dagogische Hochschule Z\u00fcrich<\/li>\n<\/ul>\n<p><strong>Weiterbildungen\/Spezialisierungen<\/strong><\/p>\n<ul>\n<li><em>Bindungskongress Ulm<\/em>, Bindung und psychische St\u00f6rungen, September 2021, gest\u00f6rte Bindung in digitalen Zeiten, September 2022<\/li>\n<li><em>Zertifikat SVEB 1\u00a0<\/em>(Schweizerischer Verband Erwachsenen Bildung), 2022, P\u00e4dagogische Hochschule St. Gallen<\/li>\n<li><em>Beratungsmodule PH Thurgau<\/em>, 2020\/2021, Beratung und Entwicklung in Institutionen I &amp; II<\/li>\n<li><em>Zertifikat f\u00fcr CLASS toddler,<\/em> Beobachtungsinstrument zur Messung der p\u00e4dagogischen Qualit\u00e4t in Kitas, Kinderg\u00e4rten und bei Tageseltern, 2020\/2021<\/li>\n<li><em>Zertifikat des E-Learning<\/em> \u201eFr\u00fche Hilfen und fr\u00fche Interventionen im Kinderschutz\u201c, 2020<\/li>\n<li><em>ISI (Institut f\u00fcr systemische Impulse)<\/em>-Kongress zu \u00abNeue Autorit\u00e4t\u00bb mit Haim Omer und Uri Weinblatt, November 2016 &amp; 2017, Z\u00fcrich<\/li>\n<li>Facherweiterungen auf der Primarstufe\n<ul>\n<li>Textiles und technisches Gestalten, 2019, P\u00e4dagogische Hochschule Z\u00fcrich<\/li>\n<li>Bewegung und Sport, 2016, P\u00e4dagogische Hochschule Z\u00fcrich<\/li>\n<li>Religion und Kultur, 2012, P\u00e4dagogische Hochschule Z\u00fcrich<\/li>\n<\/ul>\n<\/li>\n<li><em>Schule und Weiterbildung Schweiz<\/em> (swch.ch), Umgang und Tipps mit AD(H)S-Kindern, 2013, Winterthur<\/li>\n<li><em>Camebridge-Zertifikat<\/em> f\u00fcr Englisch auf Level C1, 2008, Z\u00fcrich<\/li>\n<\/ul>\n<p><strong>Berufserfahrung<\/strong><\/p>\n<ul>\n<li><em>1 Jahr Kita-Integrierte Deutschf\u00f6rderung<\/em>, (F\u00f6rderbesuch Kind (3\/4-j\u00e4hrig), Coaching Fachfrau\/-mann Betreuung und Weiterbildungen f\u00fcr Kindertagesst\u00e4tten, Stadt Z\u00fcrich<\/li>\n<li>3 Jahre Stellvertretungserfahrung auf allen Stufen, ganzer Kanton Z\u00fcrich<\/li>\n<li><em>9 Jahre Primarlehrperson Unterstufe<\/em>, verschiedene Schulen im Raum Z\u00fcrcher Unterland<\/li>\n<li><em>6 Jahre Kindergartenlehrperson<\/em>, Stadt Z\u00fcrich und Kloten<\/li>\n<\/ul>\n","protected":false},"excerpt":{"rendered":"<p>Ausbildungen Master of Arts in \u201cEarly Childhood\u201d, 2021, l\u00e4nder\u00fcbergreifender Studiengang P\u00e4dagogische Hochschule Thurgau \/ Universit\u00e4t Konstanz Bachelor of Arts in \u201cPrimary Education\u201d, 2009, P\u00e4dagogische Hochschule Z\u00fcrich Bachelor of Arts in \u201cPre-Primary Education\u201d, 2004, P\u00e4dagogische Hochschule Z\u00fcrich Weiterbildungen\/Spezialisierungen Bindungskongress Ulm, Bindung und psychische St\u00f6rungen, September 2021, gest\u00f6rte Bindung in digitalen Zeiten, September 2022 Zertifikat SVEB 1\u00a0(Schweizerischer&hellip; <a class=\"more-link\" href=\"https:\/\/ramonawidmer.ch\/?page_id=60\"><span class=\"screen-reader-text\">Ausbildung, Weiterbildung\/Spezialisierung &#038; Berufserfahrung<\/span> weiterlesen<\/a><\/p>\n","protected":false},"author":1,"featured_media":0,"parent":0,"menu_order":0,"comment_status":"closed","ping_status":"closed","template":"","meta":{"footnotes":""},"class_list":["post-60","page","type-page","status-publish","hentry","entry"],"yoast_head":"<!-- This site is optimized with the Yoast SEO plugin v27.4 - https:\/\/yoast.com\/product\/yoast-seo-wordpress\/ -->\n<title>Ausbildung, Weiterbildung\/Spezialisierung &amp; Berufserfahrung - Workshops f\u00fcr Bildungs- und Betreuungspersonen<\/title>\n<meta name=\"robots\" content=\"index, follow, max-snippet:-1, max-image-preview:large, max-video-preview:-1\" \/>\n<link rel=\"canonical\" href=\"https:\/\/ramonawidmer.ch\/?page_id=60\" \/>\n<meta property=\"og:locale\" content=\"de_DE\" \/>\n<meta property=\"og:type\" content=\"article\" \/>\n<meta property=\"og:title\" content=\"Ausbildung, Weiterbildung\/Spezialisierung &amp; Berufserfahrung - Workshops f\u00fcr Bildungs- und Betreuungspersonen\" \/>\n<meta property=\"og:description\" content=\"Ausbildungen Master of Arts in \u201cEarly Childhood\u201d, 2021, l\u00e4nder\u00fcbergreifender Studiengang P\u00e4dagogische Hochschule Thurgau \/ Universit\u00e4t Konstanz Bachelor of Arts in \u201cPrimary Education\u201d, 2009, P\u00e4dagogische Hochschule Z\u00fcrich Bachelor of Arts in \u201cPre-Primary Education\u201d, 2004, P\u00e4dagogische Hochschule Z\u00fcrich Weiterbildungen\/Spezialisierungen Bindungskongress Ulm, Bindung und psychische St\u00f6rungen, September 2021, gest\u00f6rte Bindung in digitalen Zeiten, September 2022 Zertifikat SVEB 1\u00a0(Schweizerischer&hellip; Ausbildung, Weiterbildung\/Spezialisierung &#038; Berufserfahrung weiterlesen\" \/>\n<meta property=\"og:url\" content=\"https:\/\/ramonawidmer.ch\/?page_id=60\" \/>\n<meta property=\"og:site_name\" content=\"Workshops f\u00fcr Bildungs- und Betreuungspersonen\" \/>\n<meta property=\"article:modified_time\" content=\"2022-09-22T13:54:02+00:00\" \/>\n<meta name=\"twitter:card\" content=\"summary_large_image\" \/>\n<meta name=\"twitter:label1\" content=\"Gesch\u00e4tzte Lesezeit\" \/>\n\t<meta name=\"twitter:data1\" content=\"2\u00a0Minuten\" \/>\n<script type=\"application\/ld+json\" class=\"yoast-schema-graph\">{\"@context\":\"https:\\\/\\\/schema.org\",\"@graph\":[{\"@type\":\"WebPage\",\"@id\":\"https:\\\/\\\/ramonawidmer.ch\\\/?page_id=60\",\"url\":\"https:\\\/\\\/ramonawidmer.ch\\\/?page_id=60\",\"name\":\"Ausbildung, Weiterbildung\\\/Spezialisierung & Berufserfahrung - Workshops f\u00fcr Bildungs- und Betreuungspersonen\",\"isPartOf\":{\"@id\":\"https:\\\/\\\/ramonawidmer.ch\\\/#website\"},\"datePublished\":\"2022-08-05T18:14:29+00:00\",\"dateModified\":\"2022-09-22T13:54:02+00:00\",\"breadcrumb\":{\"@id\":\"https:\\\/\\\/ramonawidmer.ch\\\/?page_id=60#breadcrumb\"},\"inLanguage\":\"de\",\"potentialAction\":[{\"@type\":\"ReadAction\",\"target\":[\"https:\\\/\\\/ramonawidmer.ch\\\/?page_id=60\"]}]},{\"@type\":\"BreadcrumbList\",\"@id\":\"https:\\\/\\\/ramonawidmer.ch\\\/?page_id=60#breadcrumb\",\"itemListElement\":[{\"@type\":\"ListItem\",\"position\":1,\"name\":\"Startseite\",\"item\":\"https:\\\/\\\/ramonawidmer.ch\\\/\"},{\"@type\":\"ListItem\",\"position\":2,\"name\":\"Ausbildung, Weiterbildung\\\/Spezialisierung &#038; Berufserfahrung\"}]},{\"@type\":\"WebSite\",\"@id\":\"https:\\\/\\\/ramonawidmer.ch\\\/#website\",\"url\":\"https:\\\/\\\/ramonawidmer.ch\\\/\",\"name\":\"Workshops f\u00fcr Bildungs- und Betreuungspersonen\",\"description\":\"Kinder begleiten, verstehen und f\u00f6rdern\",\"publisher\":{\"@id\":\"https:\\\/\\\/ramonawidmer.ch\\\/#organization\"},\"potentialAction\":[{\"@type\":\"SearchAction\",\"target\":{\"@type\":\"EntryPoint\",\"urlTemplate\":\"https:\\\/\\\/ramonawidmer.ch\\\/?s={search_term_string}\"},\"query-input\":{\"@type\":\"PropertyValueSpecification\",\"valueRequired\":true,\"valueName\":\"search_term_string\"}}],\"inLanguage\":\"de\"},{\"@type\":\"Organization\",\"@id\":\"https:\\\/\\\/ramonawidmer.ch\\\/#organization\",\"name\":\"Workshops f\u00fcr Bildungs- und Betreuungspersonen\",\"url\":\"https:\\\/\\\/ramonawidmer.ch\\\/\",\"logo\":{\"@type\":\"ImageObject\",\"inLanguage\":\"de\",\"@id\":\"https:\\\/\\\/ramonawidmer.ch\\\/#\\\/schema\\\/logo\\\/image\\\/\",\"url\":\"https:\\\/\\\/i0.wp.com\\\/ramonawidmer.ch\\\/wp-content\\\/uploads\\\/2022\\\/09\\\/cropped-Logo-scaled-e1664038101562.jpeg?fit=220%2C193&ssl=1\",\"contentUrl\":\"https:\\\/\\\/i0.wp.com\\\/ramonawidmer.ch\\\/wp-content\\\/uploads\\\/2022\\\/09\\\/cropped-Logo-scaled-e1664038101562.jpeg?fit=220%2C193&ssl=1\",\"width\":220,\"height\":193,\"caption\":\"Workshops f\u00fcr Bildungs- und Betreuungspersonen\"},\"image\":{\"@id\":\"https:\\\/\\\/ramonawidmer.ch\\\/#\\\/schema\\\/logo\\\/image\\\/\"}}]}<\/script>\n<!-- \/ Yoast SEO plugin. -->","yoast_head_json":{"title":"Ausbildung, Weiterbildung\/Spezialisierung & Berufserfahrung - Workshops f\u00fcr Bildungs- und Betreuungspersonen","robots":{"index":"index","follow":"follow","max-snippet":"max-snippet:-1","max-image-preview":"max-image-preview:large","max-video-preview":"max-video-preview:-1"},"canonical":"https:\/\/ramonawidmer.ch\/?page_id=60","og_locale":"de_DE","og_type":"article","og_title":"Ausbildung, Weiterbildung\/Spezialisierung & Berufserfahrung - Workshops f\u00fcr Bildungs- und Betreuungspersonen","og_description":"Ausbildungen Master of Arts in \u201cEarly Childhood\u201d, 2021, l\u00e4nder\u00fcbergreifender Studiengang P\u00e4dagogische Hochschule Thurgau \/ Universit\u00e4t Konstanz Bachelor of Arts in \u201cPrimary Education\u201d, 2009, P\u00e4dagogische Hochschule Z\u00fcrich Bachelor of Arts in \u201cPre-Primary Education\u201d, 2004, P\u00e4dagogische Hochschule Z\u00fcrich Weiterbildungen\/Spezialisierungen Bindungskongress Ulm, Bindung und psychische St\u00f6rungen, September 2021, gest\u00f6rte Bindung in digitalen Zeiten, September 2022 Zertifikat SVEB 1\u00a0(Schweizerischer&hellip; Ausbildung, Weiterbildung\/Spezialisierung &#038; Berufserfahrung weiterlesen","og_url":"https:\/\/ramonawidmer.ch\/?page_id=60","og_site_name":"Workshops f\u00fcr Bildungs- und Betreuungspersonen","article_modified_time":"2022-09-22T13:54:02+00:00","twitter_card":"summary_large_image","twitter_misc":{"Gesch\u00e4tzte Lesezeit":"2\u00a0Minuten"},"schema":{"@context":"https:\/\/schema.org","@graph":[{"@type":"WebPage","@id":"https:\/\/ramonawidmer.ch\/?page_id=60","url":"https:\/\/ramonawidmer.ch\/?page_id=60","name":"Ausbildung, Weiterbildung\/Spezialisierung & Berufserfahrung - Workshops f\u00fcr Bildungs- und Betreuungspersonen","isPartOf":{"@id":"https:\/\/ramonawidmer.ch\/#website"},"datePublished":"2022-08-05T18:14:29+00:00","dateModified":"2022-09-22T13:54:02+00:00","breadcrumb":{"@id":"https:\/\/ramonawidmer.ch\/?page_id=60#breadcrumb"},"inLanguage":"de","potentialAction":[{"@type":"ReadAction","target":["https:\/\/ramonawidmer.ch\/?page_id=60"]}]},{"@type":"BreadcrumbList","@id":"https:\/\/ramonawidmer.ch\/?page_id=60#breadcrumb","itemListElement":[{"@type":"ListItem","position":1,"name":"Startseite","item":"https:\/\/ramonawidmer.ch\/"},{"@type":"ListItem","position":2,"name":"Ausbildung, Weiterbildung\/Spezialisierung &#038; Berufserfahrung"}]},{"@type":"WebSite","@id":"https:\/\/ramonawidmer.ch\/#website","url":"https:\/\/ramonawidmer.ch\/","name":"Workshops f\u00fcr Bildungs- und Betreuungspersonen","description":"Kinder begleiten, verstehen und f\u00f6rdern","publisher":{"@id":"https:\/\/ramonawidmer.ch\/#organization"},"potentialAction":[{"@type":"SearchAction","target":{"@type":"EntryPoint","urlTemplate":"https:\/\/ramonawidmer.ch\/?s={search_term_string}"},"query-input":{"@type":"PropertyValueSpecification","valueRequired":true,"valueName":"search_term_string"}}],"inLanguage":"de"},{"@type":"Organization","@id":"https:\/\/ramonawidmer.ch\/#organization","name":"Workshops f\u00fcr Bildungs- und Betreuungspersonen","url":"https:\/\/ramonawidmer.ch\/","logo":{"@type":"ImageObject","inLanguage":"de","@id":"https:\/\/ramonawidmer.ch\/#\/schema\/logo\/image\/","url":"https:\/\/i0.wp.com\/ramonawidmer.ch\/wp-content\/uploads\/2022\/09\/cropped-Logo-scaled-e1664038101562.jpeg?fit=220%2C193&ssl=1","contentUrl":"https:\/\/i0.wp.com\/ramonawidmer.ch\/wp-content\/uploads\/2022\/09\/cropped-Logo-scaled-e1664038101562.jpeg?fit=220%2C193&ssl=1","width":220,"height":193,"caption":"Workshops f\u00fcr Bildungs- und Betreuungspersonen"},"image":{"@id":"https:\/\/ramonawidmer.ch\/#\/schema\/logo\/image\/"}}]}},"jetpack_sharing_enabled":true,"_links":{"self":[{"href":"https:\/\/ramonawidmer.ch\/index.php?rest_route=\/wp\/v2\/pages\/60","targetHints":{"allow":["GET"]}}],"collection":[{"href":"https:\/\/ramonawidmer.ch\/index.php?rest_route=\/wp\/v2\/pages"}],"about":[{"href":"https:\/\/ramonawidmer.ch\/index.php?rest_route=\/wp\/v2\/types\/page"}],"author":[{"embeddable":true,"href":"https:\/\/ramonawidmer.ch\/index.php?rest_route=\/wp\/v2\/users\/1"}],"replies":[{"embeddable":true,"href":"https:\/\/ramonawidmer.ch\/index.php?rest_route=%2Fwp%2Fv2%2Fcomments&post=60"}],"version-history":[{"count":8,"href":"https:\/\/ramonawidmer.ch\/index.php?rest_route=\/wp\/v2\/pages\/60\/revisions"}],"predecessor-version":[{"id":204,"href":"https:\/\/ramonawidmer.ch\/index.php?rest_route=\/wp\/v2\/pages\/60\/revisions\/204"}],"wp:attachment":[{"href":"https:\/\/ramonawidmer.ch\/index.php?rest_route=%2Fwp%2Fv2%2Fmedia&parent=60"}],"curies":[{"name":"wp","href":"https:\/\/api.w.org\/{rel}","templated":true}]}}