{"id":67,"date":"2022-08-05T18:22:43","date_gmt":"2022-08-05T18:22:43","guid":{"rendered":"https:\/\/ramonawidmer.ch\/?page_id=67"},"modified":"2022-09-24T17:53:23","modified_gmt":"2022-09-24T17:53:23","slug":"weiterbildungsangebote","status":"publish","type":"page","link":"https:\/\/ramonawidmer.ch\/?page_id=67","title":{"rendered":"Weiterbildungsangebote"},"content":{"rendered":"<p>Momentan fokussiert sich das Angebot auf zwei Kurse.<\/p>\n<p>Einerseits auf die Qualit\u00e4t zwischen Kind und Bildungs-\/Betreuungsperson, welche sich <a href=\"https:\/\/ramonawidmer.ch\/?page_id=71\"><strong>Interaktionsqualit\u00e4t<\/strong><\/a> nennt. Sie bezieht sich vor allem auf die Verhalts- und Lernunterst\u00fctzung von Kindern zwischen 3 und 12 Jahren. Andererseits spielt f\u00fcr gute Interaktionsqualit\u00e4t auch immer die <strong>Beziehungs- und Bindungsqualit\u00e4t<\/strong> zum Kind eine entscheidende Rolle. Dabei wird auf den <a href=\"https:\/\/ramonawidmer.ch\/?page_id=75\"><strong>\u00abKreis der Sicherheit\u00bb<\/strong><\/a>\u00a0von Powell et al., (2014) eingegangen.<\/p>\n<p><img data-recalc-dims=\"1\" loading=\"lazy\" decoding=\"async\" class=\"wp-image-136 alignleft\" style=\"margin: 0px var(--global--spacing-horizontal) 0px 0px;\" src=\"https:\/\/i0.wp.com\/ramonawidmer.ch\/wp-content\/uploads\/2022\/09\/DSC_6926-Kopie.jpg?resize=303%2C264&#038;ssl=1\" alt=\"\" width=\"303\" height=\"264\" srcset=\"https:\/\/i0.wp.com\/ramonawidmer.ch\/wp-content\/uploads\/2022\/09\/DSC_6926-Kopie-scaled.jpg?resize=300%2C262&amp;ssl=1 300w, https:\/\/i0.wp.com\/ramonawidmer.ch\/wp-content\/uploads\/2022\/09\/DSC_6926-Kopie-scaled.jpg?resize=1024%2C895&amp;ssl=1 1024w, https:\/\/i0.wp.com\/ramonawidmer.ch\/wp-content\/uploads\/2022\/09\/DSC_6926-Kopie-scaled.jpg?resize=768%2C671&amp;ssl=1 768w, https:\/\/i0.wp.com\/ramonawidmer.ch\/wp-content\/uploads\/2022\/09\/DSC_6926-Kopie-scaled.jpg?resize=1536%2C1342&amp;ssl=1 1536w, https:\/\/i0.wp.com\/ramonawidmer.ch\/wp-content\/uploads\/2022\/09\/DSC_6926-Kopie-scaled.jpg?resize=2048%2C1790&amp;ssl=1 2048w, https:\/\/i0.wp.com\/ramonawidmer.ch\/wp-content\/uploads\/2022\/09\/DSC_6926-Kopie-scaled.jpg?resize=1568%2C1370&amp;ssl=1 1568w, https:\/\/i0.wp.com\/ramonawidmer.ch\/wp-content\/uploads\/2022\/09\/DSC_6926-Kopie-scaled.jpg?w=2250&amp;ssl=1 2250w\" sizes=\"auto, (max-width: 303px) 100vw, 303px\" \/><\/p>\n<p>Das Modell verbindet\u00a0<span style=\"color: var(--global--color-primary); font-family: var(--global--font-secondary); font-size: var(--global--font-size-base); background-color: var(--global--color-background);\">Bindungsverhalten von Erwachsenen und Kindern und eine gesunde, resiliente Entwicklung.<\/span><\/p>\n<p>F\u00fcr\u00a0Institutionen sind auch individuelle L\u00f6sungen oder Anpassungen nach Wunsch m\u00f6glich. Bei Kontaktaufnahme k\u00f6nnen Bed\u00fcrfnisse gekl\u00e4rt und auf ihre Umsetzung besprochen werden.<\/p>\n<p>Auch Einzelpersonen d\u00fcrfen sich f\u00fcr eine Beratung direkt an uns wenden. Gerne bieten wir individuelle Coachings an, welche den pers\u00f6nlichen Bed\u00fcrfnissen angepasst sind.<\/p>\n","protected":false},"excerpt":{"rendered":"<p>Momentan fokussiert sich das Angebot auf zwei Kurse. Einerseits auf die Qualit\u00e4t zwischen Kind und Bildungs-\/Betreuungsperson, welche sich Interaktionsqualit\u00e4t nennt. Sie bezieht sich vor allem auf die Verhalts- und Lernunterst\u00fctzung von Kindern zwischen 3 und 12 Jahren. Andererseits spielt f\u00fcr gute Interaktionsqualit\u00e4t auch immer die Beziehungs- und Bindungsqualit\u00e4t zum Kind eine entscheidende Rolle. Dabei wird&hellip; <a class=\"more-link\" href=\"https:\/\/ramonawidmer.ch\/?page_id=67\"><span class=\"screen-reader-text\">Weiterbildungsangebote<\/span> weiterlesen<\/a><\/p>\n","protected":false},"author":1,"featured_media":0,"parent":0,"menu_order":0,"comment_status":"closed","ping_status":"closed","template":"","meta":{"footnotes":""},"class_list":["post-67","page","type-page","status-publish","hentry","entry"],"yoast_head":"<!-- This site is optimized with the Yoast SEO plugin v27.4 - https:\/\/yoast.com\/product\/yoast-seo-wordpress\/ -->\n<title>Weiterbildungsangebote - Workshops f\u00fcr Bildungs- und Betreuungspersonen<\/title>\n<meta name=\"robots\" content=\"index, follow, max-snippet:-1, max-image-preview:large, max-video-preview:-1\" \/>\n<link rel=\"canonical\" href=\"https:\/\/ramonawidmer.ch\/?page_id=67\" \/>\n<meta property=\"og:locale\" content=\"de_DE\" \/>\n<meta property=\"og:type\" content=\"article\" \/>\n<meta property=\"og:title\" content=\"Weiterbildungsangebote - Workshops f\u00fcr Bildungs- und Betreuungspersonen\" \/>\n<meta property=\"og:description\" content=\"Momentan fokussiert sich das Angebot auf zwei Kurse. Einerseits auf die Qualit\u00e4t zwischen Kind und Bildungs-\/Betreuungsperson, welche sich Interaktionsqualit\u00e4t nennt. Sie bezieht sich vor allem auf die Verhalts- und Lernunterst\u00fctzung von Kindern zwischen 3 und 12 Jahren. Andererseits spielt f\u00fcr gute Interaktionsqualit\u00e4t auch immer die Beziehungs- und Bindungsqualit\u00e4t zum Kind eine entscheidende Rolle. Dabei wird&hellip; Weiterbildungsangebote weiterlesen\" \/>\n<meta property=\"og:url\" content=\"https:\/\/ramonawidmer.ch\/?page_id=67\" \/>\n<meta property=\"og:site_name\" content=\"Workshops f\u00fcr Bildungs- und Betreuungspersonen\" \/>\n<meta property=\"article:modified_time\" content=\"2022-09-24T17:53:23+00:00\" \/>\n<meta property=\"og:image\" content=\"https:\/\/ramonawidmer.ch\/wp-content\/uploads\/2022\/09\/DSC_6926-Kopie-300x262.jpg\" \/>\n<meta name=\"twitter:card\" content=\"summary_large_image\" \/>\n<meta name=\"twitter:label1\" content=\"Gesch\u00e4tzte Lesezeit\" \/>\n\t<meta name=\"twitter:data1\" content=\"1\u00a0Minute\" \/>\n<script type=\"application\/ld+json\" class=\"yoast-schema-graph\">{\"@context\":\"https:\\\/\\\/schema.org\",\"@graph\":[{\"@type\":\"WebPage\",\"@id\":\"https:\\\/\\\/ramonawidmer.ch\\\/?page_id=67\",\"url\":\"https:\\\/\\\/ramonawidmer.ch\\\/?page_id=67\",\"name\":\"Weiterbildungsangebote - Workshops f\u00fcr Bildungs- und Betreuungspersonen\",\"isPartOf\":{\"@id\":\"https:\\\/\\\/ramonawidmer.ch\\\/#website\"},\"primaryImageOfPage\":{\"@id\":\"https:\\\/\\\/ramonawidmer.ch\\\/?page_id=67#primaryimage\"},\"image\":{\"@id\":\"https:\\\/\\\/ramonawidmer.ch\\\/?page_id=67#primaryimage\"},\"thumbnailUrl\":\"https:\\\/\\\/ramonawidmer.ch\\\/wp-content\\\/uploads\\\/2022\\\/09\\\/DSC_6926-Kopie-300x262.jpg\",\"datePublished\":\"2022-08-05T18:22:43+00:00\",\"dateModified\":\"2022-09-24T17:53:23+00:00\",\"breadcrumb\":{\"@id\":\"https:\\\/\\\/ramonawidmer.ch\\\/?page_id=67#breadcrumb\"},\"inLanguage\":\"de\",\"potentialAction\":[{\"@type\":\"ReadAction\",\"target\":[\"https:\\\/\\\/ramonawidmer.ch\\\/?page_id=67\"]}]},{\"@type\":\"ImageObject\",\"inLanguage\":\"de\",\"@id\":\"https:\\\/\\\/ramonawidmer.ch\\\/?page_id=67#primaryimage\",\"url\":\"https:\\\/\\\/i0.wp.com\\\/ramonawidmer.ch\\\/wp-content\\\/uploads\\\/2022\\\/09\\\/DSC_6926-Kopie-scaled.jpg?fit=2560%2C2237&ssl=1\",\"contentUrl\":\"https:\\\/\\\/i0.wp.com\\\/ramonawidmer.ch\\\/wp-content\\\/uploads\\\/2022\\\/09\\\/DSC_6926-Kopie-scaled.jpg?fit=2560%2C2237&ssl=1\",\"width\":2560,\"height\":2237},{\"@type\":\"BreadcrumbList\",\"@id\":\"https:\\\/\\\/ramonawidmer.ch\\\/?page_id=67#breadcrumb\",\"itemListElement\":[{\"@type\":\"ListItem\",\"position\":1,\"name\":\"Startseite\",\"item\":\"https:\\\/\\\/ramonawidmer.ch\\\/\"},{\"@type\":\"ListItem\",\"position\":2,\"name\":\"Weiterbildungsangebote\"}]},{\"@type\":\"WebSite\",\"@id\":\"https:\\\/\\\/ramonawidmer.ch\\\/#website\",\"url\":\"https:\\\/\\\/ramonawidmer.ch\\\/\",\"name\":\"Workshops f\u00fcr Bildungs- und Betreuungspersonen\",\"description\":\"Kinder begleiten, verstehen und f\u00f6rdern\",\"publisher\":{\"@id\":\"https:\\\/\\\/ramonawidmer.ch\\\/#organization\"},\"potentialAction\":[{\"@type\":\"SearchAction\",\"target\":{\"@type\":\"EntryPoint\",\"urlTemplate\":\"https:\\\/\\\/ramonawidmer.ch\\\/?s={search_term_string}\"},\"query-input\":{\"@type\":\"PropertyValueSpecification\",\"valueRequired\":true,\"valueName\":\"search_term_string\"}}],\"inLanguage\":\"de\"},{\"@type\":\"Organization\",\"@id\":\"https:\\\/\\\/ramonawidmer.ch\\\/#organization\",\"name\":\"Workshops f\u00fcr Bildungs- und Betreuungspersonen\",\"url\":\"https:\\\/\\\/ramonawidmer.ch\\\/\",\"logo\":{\"@type\":\"ImageObject\",\"inLanguage\":\"de\",\"@id\":\"https:\\\/\\\/ramonawidmer.ch\\\/#\\\/schema\\\/logo\\\/image\\\/\",\"url\":\"https:\\\/\\\/i0.wp.com\\\/ramonawidmer.ch\\\/wp-content\\\/uploads\\\/2022\\\/09\\\/cropped-Logo-scaled-e1664038101562.jpeg?fit=220%2C193&ssl=1\",\"contentUrl\":\"https:\\\/\\\/i0.wp.com\\\/ramonawidmer.ch\\\/wp-content\\\/uploads\\\/2022\\\/09\\\/cropped-Logo-scaled-e1664038101562.jpeg?fit=220%2C193&ssl=1\",\"width\":220,\"height\":193,\"caption\":\"Workshops f\u00fcr Bildungs- und Betreuungspersonen\"},\"image\":{\"@id\":\"https:\\\/\\\/ramonawidmer.ch\\\/#\\\/schema\\\/logo\\\/image\\\/\"}}]}<\/script>\n<!-- \/ Yoast SEO plugin. -->","yoast_head_json":{"title":"Weiterbildungsangebote - Workshops f\u00fcr Bildungs- und Betreuungspersonen","robots":{"index":"index","follow":"follow","max-snippet":"max-snippet:-1","max-image-preview":"max-image-preview:large","max-video-preview":"max-video-preview:-1"},"canonical":"https:\/\/ramonawidmer.ch\/?page_id=67","og_locale":"de_DE","og_type":"article","og_title":"Weiterbildungsangebote - Workshops f\u00fcr Bildungs- und Betreuungspersonen","og_description":"Momentan fokussiert sich das Angebot auf zwei Kurse. Einerseits auf die Qualit\u00e4t zwischen Kind und Bildungs-\/Betreuungsperson, welche sich Interaktionsqualit\u00e4t nennt. Sie bezieht sich vor allem auf die Verhalts- und Lernunterst\u00fctzung von Kindern zwischen 3 und 12 Jahren. Andererseits spielt f\u00fcr gute Interaktionsqualit\u00e4t auch immer die Beziehungs- und Bindungsqualit\u00e4t zum Kind eine entscheidende Rolle. Dabei wird&hellip; Weiterbildungsangebote weiterlesen","og_url":"https:\/\/ramonawidmer.ch\/?page_id=67","og_site_name":"Workshops f\u00fcr Bildungs- und Betreuungspersonen","article_modified_time":"2022-09-24T17:53:23+00:00","og_image":[{"url":"https:\/\/ramonawidmer.ch\/wp-content\/uploads\/2022\/09\/DSC_6926-Kopie-300x262.jpg","type":"","width":"","height":""}],"twitter_card":"summary_large_image","twitter_misc":{"Gesch\u00e4tzte Lesezeit":"1\u00a0Minute"},"schema":{"@context":"https:\/\/schema.org","@graph":[{"@type":"WebPage","@id":"https:\/\/ramonawidmer.ch\/?page_id=67","url":"https:\/\/ramonawidmer.ch\/?page_id=67","name":"Weiterbildungsangebote - Workshops f\u00fcr Bildungs- und Betreuungspersonen","isPartOf":{"@id":"https:\/\/ramonawidmer.ch\/#website"},"primaryImageOfPage":{"@id":"https:\/\/ramonawidmer.ch\/?page_id=67#primaryimage"},"image":{"@id":"https:\/\/ramonawidmer.ch\/?page_id=67#primaryimage"},"thumbnailUrl":"https:\/\/ramonawidmer.ch\/wp-content\/uploads\/2022\/09\/DSC_6926-Kopie-300x262.jpg","datePublished":"2022-08-05T18:22:43+00:00","dateModified":"2022-09-24T17:53:23+00:00","breadcrumb":{"@id":"https:\/\/ramonawidmer.ch\/?page_id=67#breadcrumb"},"inLanguage":"de","potentialAction":[{"@type":"ReadAction","target":["https:\/\/ramonawidmer.ch\/?page_id=67"]}]},{"@type":"ImageObject","inLanguage":"de","@id":"https:\/\/ramonawidmer.ch\/?page_id=67#primaryimage","url":"https:\/\/i0.wp.com\/ramonawidmer.ch\/wp-content\/uploads\/2022\/09\/DSC_6926-Kopie-scaled.jpg?fit=2560%2C2237&ssl=1","contentUrl":"https:\/\/i0.wp.com\/ramonawidmer.ch\/wp-content\/uploads\/2022\/09\/DSC_6926-Kopie-scaled.jpg?fit=2560%2C2237&ssl=1","width":2560,"height":2237},{"@type":"BreadcrumbList","@id":"https:\/\/ramonawidmer.ch\/?page_id=67#breadcrumb","itemListElement":[{"@type":"ListItem","position":1,"name":"Startseite","item":"https:\/\/ramonawidmer.ch\/"},{"@type":"ListItem","position":2,"name":"Weiterbildungsangebote"}]},{"@type":"WebSite","@id":"https:\/\/ramonawidmer.ch\/#website","url":"https:\/\/ramonawidmer.ch\/","name":"Workshops f\u00fcr Bildungs- und Betreuungspersonen","description":"Kinder begleiten, verstehen und f\u00f6rdern","publisher":{"@id":"https:\/\/ramonawidmer.ch\/#organization"},"potentialAction":[{"@type":"SearchAction","target":{"@type":"EntryPoint","urlTemplate":"https:\/\/ramonawidmer.ch\/?s={search_term_string}"},"query-input":{"@type":"PropertyValueSpecification","valueRequired":true,"valueName":"search_term_string"}}],"inLanguage":"de"},{"@type":"Organization","@id":"https:\/\/ramonawidmer.ch\/#organization","name":"Workshops f\u00fcr Bildungs- und Betreuungspersonen","url":"https:\/\/ramonawidmer.ch\/","logo":{"@type":"ImageObject","inLanguage":"de","@id":"https:\/\/ramonawidmer.ch\/#\/schema\/logo\/image\/","url":"https:\/\/i0.wp.com\/ramonawidmer.ch\/wp-content\/uploads\/2022\/09\/cropped-Logo-scaled-e1664038101562.jpeg?fit=220%2C193&ssl=1","contentUrl":"https:\/\/i0.wp.com\/ramonawidmer.ch\/wp-content\/uploads\/2022\/09\/cropped-Logo-scaled-e1664038101562.jpeg?fit=220%2C193&ssl=1","width":220,"height":193,"caption":"Workshops f\u00fcr Bildungs- und Betreuungspersonen"},"image":{"@id":"https:\/\/ramonawidmer.ch\/#\/schema\/logo\/image\/"}}]}},"jetpack_sharing_enabled":true,"_links":{"self":[{"href":"https:\/\/ramonawidmer.ch\/index.php?rest_route=\/wp\/v2\/pages\/67","targetHints":{"allow":["GET"]}}],"collection":[{"href":"https:\/\/ramonawidmer.ch\/index.php?rest_route=\/wp\/v2\/pages"}],"about":[{"href":"https:\/\/ramonawidmer.ch\/index.php?rest_route=\/wp\/v2\/types\/page"}],"author":[{"embeddable":true,"href":"https:\/\/ramonawidmer.ch\/index.php?rest_route=\/wp\/v2\/users\/1"}],"replies":[{"embeddable":true,"href":"https:\/\/ramonawidmer.ch\/index.php?rest_route=%2Fwp%2Fv2%2Fcomments&post=67"}],"version-history":[{"count":7,"href":"https:\/\/ramonawidmer.ch\/index.php?rest_route=\/wp\/v2\/pages\/67\/revisions"}],"predecessor-version":[{"id":248,"href":"https:\/\/ramonawidmer.ch\/index.php?rest_route=\/wp\/v2\/pages\/67\/revisions\/248"}],"wp:attachment":[{"href":"https:\/\/ramonawidmer.ch\/index.php?rest_route=%2Fwp%2Fv2%2Fmedia&parent=67"}],"curies":[{"name":"wp","href":"https:\/\/api.w.org\/{rel}","templated":true}]}}