{"id":8,"date":"2022-07-22T11:58:15","date_gmt":"2022-07-22T11:58:15","guid":{"rendered":"https:\/\/ramonawidmer.ch\/?page_id=8"},"modified":"2022-09-25T16:34:10","modified_gmt":"2022-09-25T16:34:10","slug":"kontakt","status":"publish","type":"page","link":"https:\/\/ramonawidmer.ch\/?page_id=8","title":{"rendered":"Kontakt"},"content":{"rendered":"<p>Wurde Ihr Interesse geweckt? \u00dcber eine pers\u00f6nliche Kontaktaufnahme w\u00fcrden wir uns freuen.<\/p>\n<p><img data-recalc-dims=\"1\" loading=\"lazy\" decoding=\"async\" class=\"alignnone wp-image-246 size-medium\" src=\"https:\/\/i0.wp.com\/ramonawidmer.ch\/wp-content\/uploads\/2022\/09\/Handshake.jpeg?resize=300%2C215&#038;ssl=1\" alt=\"\" width=\"300\" height=\"215\" srcset=\"https:\/\/i0.wp.com\/ramonawidmer.ch\/wp-content\/uploads\/2022\/09\/Handshake-scaled.jpeg?resize=300%2C215&amp;ssl=1 300w, https:\/\/i0.wp.com\/ramonawidmer.ch\/wp-content\/uploads\/2022\/09\/Handshake-scaled.jpeg?resize=1024%2C734&amp;ssl=1 1024w, https:\/\/i0.wp.com\/ramonawidmer.ch\/wp-content\/uploads\/2022\/09\/Handshake-scaled.jpeg?resize=768%2C551&amp;ssl=1 768w, https:\/\/i0.wp.com\/ramonawidmer.ch\/wp-content\/uploads\/2022\/09\/Handshake-scaled.jpeg?resize=1536%2C1101&amp;ssl=1 1536w, https:\/\/i0.wp.com\/ramonawidmer.ch\/wp-content\/uploads\/2022\/09\/Handshake-scaled.jpeg?resize=2048%2C1468&amp;ssl=1 2048w, https:\/\/i0.wp.com\/ramonawidmer.ch\/wp-content\/uploads\/2022\/09\/Handshake-scaled.jpeg?resize=1568%2C1124&amp;ssl=1 1568w, https:\/\/i0.wp.com\/ramonawidmer.ch\/wp-content\/uploads\/2022\/09\/Handshake-scaled.jpeg?w=2250&amp;ssl=1 2250w\" sizes=\"auto, (max-width: 300px) 100vw, 300px\" \/><\/p>\n<p>&nbsp;<\/p>\n<p>Melden Sie sich per Mail oder die untenstehenden Telefonnummern:<\/p>\n<p>&nbsp;<\/p>\n<p><a href=\"mailto:info@ramonawidmer.ch\"><strong>info@ramonawidmer.ch<\/strong><\/a><\/p>\n<p>Telefonnummer: <strong>+41 76 537 99 63<\/strong><\/p>\n<p><a href=\"mailto:p.walpen@fokusfruehekindheit.ch\"><strong>p.walpen@fokusfruehekindheit.ch<\/strong><\/a><\/p>\n<p>Telefonnummer: <strong>+41 79 824 48 55<\/strong><\/p>\n<p>&nbsp;<\/p>\n","protected":false},"excerpt":{"rendered":"<p>Wurde Ihr Interesse geweckt? \u00dcber eine pers\u00f6nliche Kontaktaufnahme w\u00fcrden wir uns freuen. &nbsp; Melden Sie sich per Mail oder die untenstehenden Telefonnummern: &nbsp; info@ramonawidmer.ch Telefonnummer: +41 76 537 99 63 p.walpen@fokusfruehekindheit.ch Telefonnummer: +41 79 824 48 55 &nbsp;<\/p>\n","protected":false},"author":1,"featured_media":0,"parent":0,"menu_order":0,"comment_status":"closed","ping_status":"closed","template":"","meta":{"footnotes":""},"class_list":["post-8","page","type-page","status-publish","hentry","entry"],"yoast_head":"<!-- This site is optimized with the Yoast SEO plugin v27.4 - https:\/\/yoast.com\/product\/yoast-seo-wordpress\/ -->\n<title>Kontakt - Workshops f\u00fcr Bildungs- und Betreuungspersonen<\/title>\n<meta name=\"robots\" content=\"index, follow, max-snippet:-1, max-image-preview:large, max-video-preview:-1\" \/>\n<link rel=\"canonical\" href=\"https:\/\/ramonawidmer.ch\/?page_id=8\" \/>\n<meta property=\"og:locale\" content=\"de_DE\" \/>\n<meta property=\"og:type\" content=\"article\" \/>\n<meta property=\"og:title\" content=\"Kontakt - Workshops f\u00fcr Bildungs- und Betreuungspersonen\" \/>\n<meta property=\"og:description\" content=\"Wurde Ihr Interesse geweckt? \u00dcber eine pers\u00f6nliche Kontaktaufnahme w\u00fcrden wir uns freuen. &nbsp; Melden Sie sich per Mail oder die untenstehenden Telefonnummern: &nbsp; info@ramonawidmer.ch Telefonnummer: +41 76 537 99 63 p.walpen@fokusfruehekindheit.ch Telefonnummer: +41 79 824 48 55 &nbsp;\" \/>\n<meta property=\"og:url\" content=\"https:\/\/ramonawidmer.ch\/?page_id=8\" \/>\n<meta property=\"og:site_name\" content=\"Workshops f\u00fcr Bildungs- und Betreuungspersonen\" \/>\n<meta property=\"article:modified_time\" content=\"2022-09-25T16:34:10+00:00\" \/>\n<meta property=\"og:image\" content=\"https:\/\/ramonawidmer.ch\/wp-content\/uploads\/2022\/09\/Handshake-300x215.jpeg\" \/>\n<meta name=\"twitter:card\" content=\"summary_large_image\" \/>\n<meta name=\"twitter:label1\" content=\"Gesch\u00e4tzte Lesezeit\" \/>\n\t<meta name=\"twitter:data1\" content=\"1\u00a0Minute\" \/>\n<script type=\"application\/ld+json\" class=\"yoast-schema-graph\">{\"@context\":\"https:\\\/\\\/schema.org\",\"@graph\":[{\"@type\":\"WebPage\",\"@id\":\"https:\\\/\\\/ramonawidmer.ch\\\/?page_id=8\",\"url\":\"https:\\\/\\\/ramonawidmer.ch\\\/?page_id=8\",\"name\":\"Kontakt - Workshops f\u00fcr Bildungs- und Betreuungspersonen\",\"isPartOf\":{\"@id\":\"https:\\\/\\\/ramonawidmer.ch\\\/#website\"},\"primaryImageOfPage\":{\"@id\":\"https:\\\/\\\/ramonawidmer.ch\\\/?page_id=8#primaryimage\"},\"image\":{\"@id\":\"https:\\\/\\\/ramonawidmer.ch\\\/?page_id=8#primaryimage\"},\"thumbnailUrl\":\"https:\\\/\\\/ramonawidmer.ch\\\/wp-content\\\/uploads\\\/2022\\\/09\\\/Handshake-300x215.jpeg\",\"datePublished\":\"2022-07-22T11:58:15+00:00\",\"dateModified\":\"2022-09-25T16:34:10+00:00\",\"breadcrumb\":{\"@id\":\"https:\\\/\\\/ramonawidmer.ch\\\/?page_id=8#breadcrumb\"},\"inLanguage\":\"de\",\"potentialAction\":[{\"@type\":\"ReadAction\",\"target\":[\"https:\\\/\\\/ramonawidmer.ch\\\/?page_id=8\"]}]},{\"@type\":\"ImageObject\",\"inLanguage\":\"de\",\"@id\":\"https:\\\/\\\/ramonawidmer.ch\\\/?page_id=8#primaryimage\",\"url\":\"https:\\\/\\\/ramonawidmer.ch\\\/wp-content\\\/uploads\\\/2022\\\/09\\\/Handshake-300x215.jpeg\",\"contentUrl\":\"https:\\\/\\\/ramonawidmer.ch\\\/wp-content\\\/uploads\\\/2022\\\/09\\\/Handshake-300x215.jpeg\"},{\"@type\":\"BreadcrumbList\",\"@id\":\"https:\\\/\\\/ramonawidmer.ch\\\/?page_id=8#breadcrumb\",\"itemListElement\":[{\"@type\":\"ListItem\",\"position\":1,\"name\":\"Startseite\",\"item\":\"https:\\\/\\\/ramonawidmer.ch\\\/\"},{\"@type\":\"ListItem\",\"position\":2,\"name\":\"Kontakt\"}]},{\"@type\":\"WebSite\",\"@id\":\"https:\\\/\\\/ramonawidmer.ch\\\/#website\",\"url\":\"https:\\\/\\\/ramonawidmer.ch\\\/\",\"name\":\"Workshops f\u00fcr Bildungs- und Betreuungspersonen\",\"description\":\"Kinder begleiten, verstehen und f\u00f6rdern\",\"publisher\":{\"@id\":\"https:\\\/\\\/ramonawidmer.ch\\\/#organization\"},\"potentialAction\":[{\"@type\":\"SearchAction\",\"target\":{\"@type\":\"EntryPoint\",\"urlTemplate\":\"https:\\\/\\\/ramonawidmer.ch\\\/?s={search_term_string}\"},\"query-input\":{\"@type\":\"PropertyValueSpecification\",\"valueRequired\":true,\"valueName\":\"search_term_string\"}}],\"inLanguage\":\"de\"},{\"@type\":\"Organization\",\"@id\":\"https:\\\/\\\/ramonawidmer.ch\\\/#organization\",\"name\":\"Workshops f\u00fcr Bildungs- und Betreuungspersonen\",\"url\":\"https:\\\/\\\/ramonawidmer.ch\\\/\",\"logo\":{\"@type\":\"ImageObject\",\"inLanguage\":\"de\",\"@id\":\"https:\\\/\\\/ramonawidmer.ch\\\/#\\\/schema\\\/logo\\\/image\\\/\",\"url\":\"https:\\\/\\\/i0.wp.com\\\/ramonawidmer.ch\\\/wp-content\\\/uploads\\\/2022\\\/09\\\/cropped-Logo-scaled-e1664038101562.jpeg?fit=220%2C193&ssl=1\",\"contentUrl\":\"https:\\\/\\\/i0.wp.com\\\/ramonawidmer.ch\\\/wp-content\\\/uploads\\\/2022\\\/09\\\/cropped-Logo-scaled-e1664038101562.jpeg?fit=220%2C193&ssl=1\",\"width\":220,\"height\":193,\"caption\":\"Workshops f\u00fcr Bildungs- und Betreuungspersonen\"},\"image\":{\"@id\":\"https:\\\/\\\/ramonawidmer.ch\\\/#\\\/schema\\\/logo\\\/image\\\/\"}}]}<\/script>\n<!-- \/ Yoast SEO plugin. -->","yoast_head_json":{"title":"Kontakt - Workshops f\u00fcr Bildungs- und Betreuungspersonen","robots":{"index":"index","follow":"follow","max-snippet":"max-snippet:-1","max-image-preview":"max-image-preview:large","max-video-preview":"max-video-preview:-1"},"canonical":"https:\/\/ramonawidmer.ch\/?page_id=8","og_locale":"de_DE","og_type":"article","og_title":"Kontakt - Workshops f\u00fcr Bildungs- und Betreuungspersonen","og_description":"Wurde Ihr Interesse geweckt? \u00dcber eine pers\u00f6nliche Kontaktaufnahme w\u00fcrden wir uns freuen. &nbsp; Melden Sie sich per Mail oder die untenstehenden Telefonnummern: &nbsp; info@ramonawidmer.ch Telefonnummer: +41 76 537 99 63 p.walpen@fokusfruehekindheit.ch Telefonnummer: +41 79 824 48 55 &nbsp;","og_url":"https:\/\/ramonawidmer.ch\/?page_id=8","og_site_name":"Workshops f\u00fcr Bildungs- und Betreuungspersonen","article_modified_time":"2022-09-25T16:34:10+00:00","og_image":[{"url":"https:\/\/ramonawidmer.ch\/wp-content\/uploads\/2022\/09\/Handshake-300x215.jpeg","type":"","width":"","height":""}],"twitter_card":"summary_large_image","twitter_misc":{"Gesch\u00e4tzte Lesezeit":"1\u00a0Minute"},"schema":{"@context":"https:\/\/schema.org","@graph":[{"@type":"WebPage","@id":"https:\/\/ramonawidmer.ch\/?page_id=8","url":"https:\/\/ramonawidmer.ch\/?page_id=8","name":"Kontakt - Workshops f\u00fcr Bildungs- und Betreuungspersonen","isPartOf":{"@id":"https:\/\/ramonawidmer.ch\/#website"},"primaryImageOfPage":{"@id":"https:\/\/ramonawidmer.ch\/?page_id=8#primaryimage"},"image":{"@id":"https:\/\/ramonawidmer.ch\/?page_id=8#primaryimage"},"thumbnailUrl":"https:\/\/ramonawidmer.ch\/wp-content\/uploads\/2022\/09\/Handshake-300x215.jpeg","datePublished":"2022-07-22T11:58:15+00:00","dateModified":"2022-09-25T16:34:10+00:00","breadcrumb":{"@id":"https:\/\/ramonawidmer.ch\/?page_id=8#breadcrumb"},"inLanguage":"de","potentialAction":[{"@type":"ReadAction","target":["https:\/\/ramonawidmer.ch\/?page_id=8"]}]},{"@type":"ImageObject","inLanguage":"de","@id":"https:\/\/ramonawidmer.ch\/?page_id=8#primaryimage","url":"https:\/\/ramonawidmer.ch\/wp-content\/uploads\/2022\/09\/Handshake-300x215.jpeg","contentUrl":"https:\/\/ramonawidmer.ch\/wp-content\/uploads\/2022\/09\/Handshake-300x215.jpeg"},{"@type":"BreadcrumbList","@id":"https:\/\/ramonawidmer.ch\/?page_id=8#breadcrumb","itemListElement":[{"@type":"ListItem","position":1,"name":"Startseite","item":"https:\/\/ramonawidmer.ch\/"},{"@type":"ListItem","position":2,"name":"Kontakt"}]},{"@type":"WebSite","@id":"https:\/\/ramonawidmer.ch\/#website","url":"https:\/\/ramonawidmer.ch\/","name":"Workshops f\u00fcr Bildungs- und Betreuungspersonen","description":"Kinder begleiten, verstehen und f\u00f6rdern","publisher":{"@id":"https:\/\/ramonawidmer.ch\/#organization"},"potentialAction":[{"@type":"SearchAction","target":{"@type":"EntryPoint","urlTemplate":"https:\/\/ramonawidmer.ch\/?s={search_term_string}"},"query-input":{"@type":"PropertyValueSpecification","valueRequired":true,"valueName":"search_term_string"}}],"inLanguage":"de"},{"@type":"Organization","@id":"https:\/\/ramonawidmer.ch\/#organization","name":"Workshops f\u00fcr Bildungs- und Betreuungspersonen","url":"https:\/\/ramonawidmer.ch\/","logo":{"@type":"ImageObject","inLanguage":"de","@id":"https:\/\/ramonawidmer.ch\/#\/schema\/logo\/image\/","url":"https:\/\/i0.wp.com\/ramonawidmer.ch\/wp-content\/uploads\/2022\/09\/cropped-Logo-scaled-e1664038101562.jpeg?fit=220%2C193&ssl=1","contentUrl":"https:\/\/i0.wp.com\/ramonawidmer.ch\/wp-content\/uploads\/2022\/09\/cropped-Logo-scaled-e1664038101562.jpeg?fit=220%2C193&ssl=1","width":220,"height":193,"caption":"Workshops f\u00fcr Bildungs- und Betreuungspersonen"},"image":{"@id":"https:\/\/ramonawidmer.ch\/#\/schema\/logo\/image\/"}}]}},"jetpack_sharing_enabled":true,"_links":{"self":[{"href":"https:\/\/ramonawidmer.ch\/index.php?rest_route=\/wp\/v2\/pages\/8","targetHints":{"allow":["GET"]}}],"collection":[{"href":"https:\/\/ramonawidmer.ch\/index.php?rest_route=\/wp\/v2\/pages"}],"about":[{"href":"https:\/\/ramonawidmer.ch\/index.php?rest_route=\/wp\/v2\/types\/page"}],"author":[{"embeddable":true,"href":"https:\/\/ramonawidmer.ch\/index.php?rest_route=\/wp\/v2\/users\/1"}],"replies":[{"embeddable":true,"href":"https:\/\/ramonawidmer.ch\/index.php?rest_route=%2Fwp%2Fv2%2Fcomments&post=8"}],"version-history":[{"count":10,"href":"https:\/\/ramonawidmer.ch\/index.php?rest_route=\/wp\/v2\/pages\/8\/revisions"}],"predecessor-version":[{"id":258,"href":"https:\/\/ramonawidmer.ch\/index.php?rest_route=\/wp\/v2\/pages\/8\/revisions\/258"}],"wp:attachment":[{"href":"https:\/\/ramonawidmer.ch\/index.php?rest_route=%2Fwp%2Fv2%2Fmedia&parent=8"}],"curies":[{"name":"wp","href":"https:\/\/api.w.org\/{rel}","templated":true}]}}